{"id":2737,"date":"2024-06-17T16:12:27","date_gmt":"2024-06-17T23:12:27","guid":{"rendered":"https:\/\/corvallisddc.org\/?page_id=2737"},"modified":"2024-06-30T19:44:12","modified_gmt":"2024-07-01T02:44:12","slug":"local","status":"publish","type":"page","link":"https:\/\/corvallisddc.org\/vi\/local\/","title":{"rendered":"Anh h\u00f9ng \u0111\u1ecba ph\u01b0\u01a1ng"},"content":{"rendered":"<div data-elementor-type=\"wp-page\" data-elementor-id=\"2737\" class=\"elementor elementor-2737\">\n\t\t\t\t\t\t<section class=\"elementor-section elementor-top-section elementor-element elementor-element-f3e8116 elementor-section-boxed elementor-section-height-default elementor-section-height-default\" data-id=\"f3e8116\" data-element_type=\"section\" data-e-type=\"section\">\n\t\t\t\t\t\t<div class=\"elementor-container elementor-column-gap-default\">\n\t\t\t\t\t<div class=\"elementor-column elementor-col-100 elementor-top-column elementor-element elementor-element-d1c7827\" data-id=\"d1c7827\" data-element_type=\"column\" data-e-type=\"column\">\n\t\t\t<div class=\"elementor-widget-wrap elementor-element-populated\">\n\t\t\t\t\t\t<div class=\"elementor-element elementor-element-9211047 elementor-widget__width-auto elementor-widget elementor-widget-text-editor\" data-id=\"9211047\" data-element_type=\"widget\" data-e-type=\"widget\" data-widget_type=\"text-editor.default\">\n\t\t\t\t<div class=\"elementor-widget-container\">\n\t\t\t\t\t\t\t\t\t<p><span style=\"font-size: 22px;\"><span style=\"font-weight: 400;\">M\u1ecdi<\/span><span style=\"font-weight: 400;\">nh\u1eefng g\u00ec ch\u00fang t\u00f4i l\u00e0m m\u1ed7i ng\u00e0y t\u1ea1i CDDC ch\u1ec9 c\u00f3 th\u1ec3 th\u1ef1c hi\u1ec7n \u0111\u01b0\u1ee3c nh\u1edd c\u00f3 nh\u1eefng ng\u01b0\u1eddi \u1ee7ng h\u1ed9, t\u00ecnh nguy\u1ec7n vi\u00ean v\u00e0 nh\u00e0 t\u00e0i tr\u1ee3 quan t\u00e2m trong c\u1ed9ng \u0111\u1ed3ng c\u1ee7a ch\u00fang t\u00f4i. Ch\u00fang t\u00f4i lu\u00f4n tr\u00e0n ng\u1eadp l\u00f2ng bi\u1ebft \u01a1n s\u00e2u s\u1eafc \u0111\u1ed1i v\u1edbi nh\u1eefng c\u00e1 nh\u00e2n v\u00e0 t\u1ed5 ch\u1ee9c n\u00e0y! <\/span><\/span><\/p><p>\u00a0<\/p><p><span style=\"font-weight: 400; font-size: 22px;\">Ch\u00fang t\u00f4i c\u0169ng v\u00f4 c\u00f9ng bi\u1ebft \u01a1n khi ghi nh\u1eadn c\u00e1c \u0111\u1ed1i t\u00e1c \u0111\u1ecba ph\u01b0\u01a1ng \u0111\u00e3 n\u1ed7 l\u1ef1c h\u1ebft m\u00ecnh \u0111\u1ec3 ph\u1ee5c v\u1ee5 nhu c\u1ea7u c\u1ee7a kh\u00e1ch h\u00e0ng v\u00e0 trung t\u00e2m c\u1ee7a ch\u00fang t\u00f4i theo nh\u1eefng c\u00e1ch \u0111\u1ed9c \u0111\u00e1o c\u1ee7a ri\u00eang h\u1ecd.<\/span><\/p><p>\u00a0<\/p><p><span style=\"font-size: 22px;\"><strong>Ki\u1ec3m tra danh s\u00e1ch ng\u00e0y c\u00e0ng t\u0103ng c\u1ee7a ANH H\u00d9NG \u0110\u1ecaA PH\u01af\u01a0NG c\u1ee7a ch\u00fang t\u00f4i <\/strong>(Click v\u00e0o d\u00f2ng ch\u1eef m\u00e0u \u0111\u1ecf \u0111\u1ec3 truy c\u1eadp website c\u1ee7a \u0111\u1ed1i t\u00e1c.)<\/span><\/p><p>\u00a0<\/p><p><span style=\"font-size: 22px;\"><strong>Nh\u00f3m, Doanh nghi\u1ec7p, T\u1ed5 ch\u1ee9c <\/strong>(\u0111\u01b0\u1ee3c li\u1ec7t k\u00ea theo th\u1ee9 t\u1ef1 b\u1ea3ng ch\u1eef c\u00e1i):<\/span><\/p><ul><li><span style=\"font-size: 22px;\"><a href=\"https:\/\/www.allanscoffee.com\/\">Tr\u00e0 &amp; C\u00e0 ph\u00ea Allan<\/a><\/span><\/li><\/ul><ul><li><span style=\"font-weight: 400; font-size: 22px;\">Nh\u00f3m h\u01b0\u1edfng \u1ee9ng Ph\u1eadt t\u1eed<\/span><\/li><\/ul><p><span style=\"font-size: 22px;\">\u00a0 \u00a0 \u00a0Libby, Barry v\u00e0 b\u1ea1n b\u00e8<\/span><\/p><ul><li><span style=\"font-size: 22px;\">T\u00ecnh nguy\u1ec7n vi\u00ean ti\u1ebfp c\u1eadn CDDC<\/span><\/li><\/ul><ul><li><span style=\"font-size: 22px;\"><a href=\"https:\/\/www.commonfieldscorvallis.com\/\"><span style=\"font-weight: 400;\">C\u00e1c l\u0129nh v\u1ef1c chung<\/span><\/a><\/span><\/li><\/ul><p><span style=\"font-size: 22px;\">\u00a0 \u00a0 \u00a0Jacob Oliver<\/span><\/p><ul><li><span style=\"font-size: 22px;\"><a href=\"https:\/\/firstalt.coop\/\"><span style=\"font-weight: 400;\">H\u1ee3p t\u00e1c x\u00e3 th\u1ef1c ph\u1ea9m t\u1ef1 nhi\u00ean thay th\u1ebf \u0111\u1ea7u ti\u00ean c\u1ee7a Corvallis<\/span><\/a><\/span><\/li><\/ul><p><span style=\"font-size: 22px;\">\u00a0 \u00a0 \u00a0Donna Tarasawa<\/span><\/p><ul><li><span style=\"font-size: 22px;\"><a href=\"https:\/\/dbdzwebsite.wixsite.com\/deathbydonutz\"><span style=\"font-weight: 400;\">Death By Donutz<\/span><\/a><\/span><\/li><\/ul><p><span style=\"font-size: 22px;\">\u00a0 \u00a0 \u00a0Sierra &amp; Dave<\/span><\/p><ul><li><span style=\"font-weight: 400; font-size: 22px;\"><a href=\"http:\/\/www.thegatheringcorvallis.org\/\">Nh\u00e0 th\u1edd t\u1eadp h\u1ee3p-Corvallis<\/a> \u00a0 \u00a0<\/span><\/li><\/ul><p><span style=\"font-size: 22px;\">\u00a0 \u00a0 \u00a0Jennifer &amp; Bob Headrick<\/span><\/p><ul><li><span style=\"font-size: 22px;\"><a href=\"http:\/\/www.Samhealth.org\"><span style=\"font-weight: 400;\">B\u1ec7nh vi\u1ec7n Samaritan t\u1ed1t<\/span><\/a><\/span><\/li><li><a href=\"https:\/\/marshallsuniquetreats.bigcartel.com\/\"><span style=\"font-size: 22px;\">Nh\u1eefng m\u00f3n \u0103n \u0111\u1ed9c \u0111\u00e1o c\u1ee7a Marshall c\u1ee7a Talisa<\/span><\/a><\/li><li><a href=\"https:\/\/www.northstaroregon.com\/\"><span style=\"font-size: 22px;\">Sao B\u1eafc \u0110\u1ea9u Oregon<\/span><\/a><\/li><\/ul><ul><li><a href=\"https:\/\/clubs.oregonstate.edu\/\"><span style=\"font-size: 22px;\">\u0110\u1ea1i h\u1ecdc bang Oregon Nh\u00f3m sinh vi\u00ean, c\u00e2u l\u1ea1c b\u1ed9, th\u1ef1c t\u1eadp sinh<\/span><\/a><\/li><\/ul><ul><li><span style=\"font-size: 22px;\"><a href=\"https:\/\/www.panerabread.com\/en-us\/cafe\/locations\/or\/corvallis\/335-nw-4th-st\">Panera-Corvallis<\/a><\/span><\/li><\/ul><ul><li><span style=\"font-weight: 400; font-size: 22px;\">B\u1ed9 ba l\u00f4 Peace Lutheran<\/span><\/li><\/ul><p><span style=\"font-size: 22px;\">\u00a0 \u00a0 \u00a0Diane Crocker<\/span><\/p><ul><li><span style=\"font-size: 22px;\"><a href=\"http:\/\/www.samsstation.com\"><span style=\"font-weight: 400;\">Nh\u00e0 ga c\u1ee7a Sam<\/span><\/a><\/span><\/li><\/ul><p><span style=\"font-size: 22px;\">\u00a0 \u00a0 \u00a0Sam &amp; nh\u00e2n vi\u00ean<\/span><\/p><ul><li><span style=\"font-size: 22px;\"><a href=\"https:\/\/locations.traderjoes.com\/or\/corvallis\/154\/\"><span style=\"font-weight: 400;\">Trader Joe&#039;s \u2013 Corvallis<\/span><\/a><\/span><\/li><\/ul><p><span style=\"font-size: 22px;\">\u00a0 \u00a0 \u00a0Steve Chovanec<\/span><\/p><p><span style=\"font-size: 22px;\"><strong>Anh h\u00f9ng c\u00e1 nh\u00e2n:<\/strong><\/span><\/p><ul><li><span style=\"font-weight: 400; font-size: 22px;\">Alan Holcombe<\/span><\/li><li><span style=\"font-size: 22px;\">Ph\u01b0\u1ee3ng Ho\u00e0ng<\/span><\/li><li><span style=\"font-weight: 400; font-size: 22px;\">Harry Reich\u00a0<\/span><\/li><li><span style=\"font-size: 22px;\">Ben Slothower, Nh\u00e0 x\u00e2y d\u1ef1ng L &amp; S<\/span><\/li><\/ul>\t\t\t\t\t\t\t\t<\/div>\n\t\t\t\t<\/div>\n\t\t\t\t\t<\/div>\n\t\t<\/div>\n\t\t\t\t\t<\/div>\n\t\t<\/section>\n\t\t\t\t<\/div>","protected":false},"excerpt":{"rendered":"<p>M\u1ecdi vi\u1ec7c ch\u00fang t\u00f4i l\u00e0m m\u1ed7i ng\u00e0y t\u1ea1i CDDC ch\u1ec9 c\u00f3 th\u1ec3 th\u1ef1c hi\u1ec7n \u0111\u01b0\u1ee3c nh\u1edd c\u00f3 nh\u1eefng ng\u01b0\u1eddi \u1ee7ng h\u1ed9, t\u00ecnh nguy\u1ec7n vi\u00ean v\u00e0 nh\u00e0 t\u00e0i tr\u1ee3 quan t\u00e2m trong c\u1ed9ng \u0111\u1ed3ng c\u1ee7a ch\u00fang t\u00f4i. Ch\u00fang t\u00f4i lu\u00f4n tr\u00e0n ng\u1eadp l\u00f2ng bi\u1ebft \u01a1n s\u00e2u s\u1eafc \u0111\u1ed1i v\u1edbi nh\u1eefng c\u00e1 nh\u00e2n v\u00e0 t\u1ed5 ch\u1ee9c n\u00e0y!  Ch\u00fang t\u00f4i c\u0169ng v\u00f4 c\u00f9ng bi\u1ebft \u01a1n khi ghi nh\u1eadn c\u00e1c \u0111\u1ed1i t\u00e1c \u0111\u1ecba ph\u01b0\u01a1ng \u0111\u00e3 n\u1ed7 l\u1ef1c h\u1ebft m\u00ecnh \u0111\u1ec3 ph\u1ee5c v\u1ee5 nhu c\u1ea7u c\u1ee7a ch\u00fang t\u00f4i.<a class=\"more-link\" href=\"https:\/\/corvallisddc.org\/vi\/local\/\">\u0110\u1ecdc ti\u1ebfp <span class=\"screen-reader-text\">&quot;Anh h\u00f9ng \u0111\u1ecba ph\u01b0\u01a1ng&quot;<\/span><\/a><\/p>","protected":false},"author":212331932,"featured_media":0,"parent":0,"menu_order":0,"comment_status":"closed","ping_status":"closed","template":"","meta":{"advanced_seo_description":"","jetpack_seo_html_title":"","jetpack_seo_noindex":false,"footnotes":""},"class_list":["post-2737","page","type-page","status-publish","hentry","entry"],"jetpack_likes_enabled":true,"jetpack_sharing_enabled":true,"jetpack_shortlink":"https:\/\/wp.me\/PdkkQs-I9","amp_enabled":true,"_links":{"self":[{"href":"https:\/\/corvallisddc.org\/vi\/wp-json\/wp\/v2\/pages\/2737","targetHints":{"allow":["GET"]}}],"collection":[{"href":"https:\/\/corvallisddc.org\/vi\/wp-json\/wp\/v2\/pages"}],"about":[{"href":"https:\/\/corvallisddc.org\/vi\/wp-json\/wp\/v2\/types\/page"}],"author":[{"embeddable":true,"href":"https:\/\/corvallisddc.org\/vi\/wp-json\/wp\/v2\/users\/212331932"}],"replies":[{"embeddable":true,"href":"https:\/\/corvallisddc.org\/vi\/wp-json\/wp\/v2\/comments?post=2737"}],"version-history":[{"count":55,"href":"https:\/\/corvallisddc.org\/vi\/wp-json\/wp\/v2\/pages\/2737\/revisions"}],"predecessor-version":[{"id":2867,"href":"https:\/\/corvallisddc.org\/vi\/wp-json\/wp\/v2\/pages\/2737\/revisions\/2867"}],"wp:attachment":[{"href":"https:\/\/corvallisddc.org\/vi\/wp-json\/wp\/v2\/media?parent=2737"}],"curies":[{"name":"wp","href":"https:\/\/api.w.org\/{rel}","templated":true}]}}