{"id":3418,"date":"2024-09-02T15:21:41","date_gmt":"2024-09-02T22:21:41","guid":{"rendered":"https:\/\/corvallisddc.org\/?page_id=3418"},"modified":"2024-12-01T22:32:19","modified_gmt":"2024-12-02T06:32:19","slug":"peersupport_counseling","status":"publish","type":"page","link":"https:\/\/corvallisddc.org\/vi\/peersupport_counseling\/","title":{"rendered":"D\u1ecbch v\u1ee5 h\u1ed7 tr\u1ee3 v\u00e0 t\u01b0 v\u1ea5n ngang h\u00e0ng"},"content":{"rendered":"<div data-elementor-type=\"wp-page\" data-elementor-id=\"3418\" class=\"elementor elementor-3418\">\n\t\t\t\t\t\t<section class=\"elementor-section elementor-top-section elementor-element elementor-element-1a5ec86 elementor-section-boxed elementor-section-height-default elementor-section-height-default\" data-id=\"1a5ec86\" data-element_type=\"section\" data-e-type=\"section\" data-settings=\"{&quot;background_background&quot;:&quot;classic&quot;}\">\n\t\t\t\t\t\t<div class=\"elementor-container elementor-column-gap-default\">\n\t\t\t\t\t<div class=\"elementor-column elementor-col-100 elementor-top-column elementor-element elementor-element-064b332\" data-id=\"064b332\" data-element_type=\"column\" data-e-type=\"column\" data-settings=\"{&quot;background_background&quot;:&quot;classic&quot;}\">\n\t\t\t<div class=\"elementor-widget-wrap elementor-element-populated\">\n\t\t\t\t\t\t<section class=\"elementor-section elementor-inner-section elementor-element elementor-element-41e059c elementor-section-boxed elementor-section-height-default elementor-section-height-default\" data-id=\"41e059c\" data-element_type=\"section\" data-e-type=\"section\">\n\t\t\t\t\t\t<div class=\"elementor-container elementor-column-gap-default\">\n\t\t\t\t\t<div class=\"elementor-column elementor-col-50 elementor-inner-column elementor-element elementor-element-ec1123c\" data-id=\"ec1123c\" data-element_type=\"column\" data-e-type=\"column\">\n\t\t\t<div class=\"elementor-widget-wrap elementor-element-populated\">\n\t\t\t\t\t\t<div class=\"elementor-element elementor-element-b6de75e elementor-widget__width-initial elementor-widget elementor-widget-heading\" data-id=\"b6de75e\" data-element_type=\"widget\" data-e-type=\"widget\" data-widget_type=\"heading.default\">\n\t\t\t\t<div class=\"elementor-widget-container\">\n\t\t\t\t\t<h2 class=\"elementor-heading-title elementor-size-default\">D\u1ecbch v\u1ee5 h\u1ed7 tr\u1ee3 v\u00e0 t\u01b0 v\u1ea5n ngang h\u00e0ng<\/h2>\t\t\t\t<\/div>\n\t\t\t\t<\/div>\n\t\t\t\t\t<\/div>\n\t\t<\/div>\n\t\t\t\t<div class=\"elementor-column elementor-col-50 elementor-inner-column elementor-element elementor-element-fe2050a\" data-id=\"fe2050a\" data-element_type=\"column\" data-e-type=\"column\">\n\t\t\t<div class=\"elementor-widget-wrap elementor-element-populated\">\n\t\t\t\t\t\t<div class=\"elementor-element elementor-element-7cfa1d6 elementor-widget__width-initial elementor-widget elementor-widget-image\" data-id=\"7cfa1d6\" data-element_type=\"widget\" data-e-type=\"widget\" data-widget_type=\"image.default\">\n\t\t\t\t<div class=\"elementor-widget-container\">\n\t\t\t\t\t\t\t\t\t\t\t\t\t\t\t<img fetchpriority=\"high\" decoding=\"async\" data-attachment-id=\"3280\" data-permalink=\"https:\/\/corvallisddc.org\/vi\/acryliconpaper-shapesabstract-cddc-2\/\" data-orig-file=\"https:\/\/i0.wp.com\/corvallisddc.org\/wp-content\/uploads\/2024\/08\/acryliconpaper-shapesabstract-cddc-e1729626464472.jpg?fit=2258%2C1908&amp;ssl=1\" data-orig-size=\"2258,1908\" data-comments-opened=\"1\" data-image-meta=\"{&quot;aperture&quot;:&quot;0&quot;,&quot;credit&quot;:&quot;&quot;,&quot;camera&quot;:&quot;NIKON D3500&quot;,&quot;caption&quot;:&quot;&quot;,&quot;created_timestamp&quot;:&quot;1715170272&quot;,&quot;copyright&quot;:&quot;&quot;,&quot;focal_length&quot;:&quot;0&quot;,&quot;iso&quot;:&quot;360&quot;,&quot;shutter_speed&quot;:&quot;0&quot;,&quot;title&quot;:&quot;&quot;,&quot;orientation&quot;:&quot;0&quot;}\" data-image-title=\"acryliconpaper-shapesabstract-cddc\" data-image-description=\"&lt;p&gt;Bright, multi-colors, shapes abstract. Acrylic on paper. Artist, CDDC guest.&lt;\/p&gt;\" data-image-caption=\"\" data-large-file=\"https:\/\/i0.wp.com\/corvallisddc.org\/wp-content\/uploads\/2024\/08\/acryliconpaper-shapesabstract-cddc-e1729626464472.jpg?fit=750%2C634&amp;ssl=1\" width=\"750\" height=\"634\" src=\"https:\/\/i0.wp.com\/corvallisddc.org\/wp-content\/uploads\/2024\/08\/acryliconpaper-shapesabstract-cddc-e1729626464472.jpg?fit=750%2C634&amp;ssl=1\" class=\"attachment-medium_large size-medium_large wp-image-3280\" alt=\"Bright, multi-colors, shapes abstract. Acrylic on paper. Artist, CDDC guest.\" srcset=\"https:\/\/i0.wp.com\/corvallisddc.org\/wp-content\/uploads\/2024\/08\/acryliconpaper-shapesabstract-cddc-e1729626464472.jpg?w=2258&amp;ssl=1 2258w, https:\/\/i0.wp.com\/corvallisddc.org\/wp-content\/uploads\/2024\/08\/acryliconpaper-shapesabstract-cddc-e1729626464472.jpg?resize=300%2C253&amp;ssl=1 300w, https:\/\/i0.wp.com\/corvallisddc.org\/wp-content\/uploads\/2024\/08\/acryliconpaper-shapesabstract-cddc-e1729626464472.jpg?resize=1024%2C865&amp;ssl=1 1024w, https:\/\/i0.wp.com\/corvallisddc.org\/wp-content\/uploads\/2024\/08\/acryliconpaper-shapesabstract-cddc-e1729626464472.jpg?resize=150%2C127&amp;ssl=1 150w, https:\/\/i0.wp.com\/corvallisddc.org\/wp-content\/uploads\/2024\/08\/acryliconpaper-shapesabstract-cddc-e1729626464472.jpg?resize=768%2C649&amp;ssl=1 768w, https:\/\/i0.wp.com\/corvallisddc.org\/wp-content\/uploads\/2024\/08\/acryliconpaper-shapesabstract-cddc-e1729626464472.jpg?resize=1536%2C1298&amp;ssl=1 1536w, https:\/\/i0.wp.com\/corvallisddc.org\/wp-content\/uploads\/2024\/08\/acryliconpaper-shapesabstract-cddc-e1729626464472.jpg?resize=2048%2C1731&amp;ssl=1 2048w, https:\/\/i0.wp.com\/corvallisddc.org\/wp-content\/uploads\/2024\/08\/acryliconpaper-shapesabstract-cddc-e1729626464472.jpg?resize=14%2C12&amp;ssl=1 14w, https:\/\/i0.wp.com\/corvallisddc.org\/wp-content\/uploads\/2024\/08\/acryliconpaper-shapesabstract-cddc-e1729626464472.jpg?resize=1568%2C1325&amp;ssl=1 1568w\" sizes=\"(max-width: 750px) 100vw, 750px\" longdesc=\"https:\/\/corvallisddc.org\/pt?longdesc=3280&amp;referrer=3418\" id=\"longdesc-return-3280\" \/>\t\t\t\t\t\t\t\t\t\t\t\t\t\t\t<\/div>\n\t\t\t\t<\/div>\n\t\t\t\t\t<\/div>\n\t\t<\/div>\n\t\t\t\t\t<\/div>\n\t\t<\/section>\n\t\t\t\t<div class=\"elementor-element elementor-element-ef0a226 elementor-widget__width-initial elementor-widget elementor-widget-text-editor\" data-id=\"ef0a226\" data-element_type=\"widget\" data-e-type=\"widget\" data-widget_type=\"text-editor.default\">\n\t\t\t\t<div class=\"elementor-widget-container\">\n\t\t\t\t\t\t\t\t\t<p><span style=\"font-weight: 400;\">M\u1ed9t trong nh\u1eefng m\u1ee5c ti\u00eau c\u1ee7a CDDC l\u00e0 gi\u00fap c\u1ea3i thi\u1ec7n s\u1ee9c kh\u1ecfe tinh th\u1ea7n cho kh\u00e1ch h\u00e0ng th\u00f4ng qua s\u1ef1 h\u1ed7 tr\u1ee3 to\u00e0n di\u1ec7n.\u00a0<\/span><\/p><p>\u00a0<\/p><p><span style=\"font-weight: 400;\">C\u00e1c m\u00f4 h\u00ecnh t\u01b0 v\u1ea5n truy\u1ec1n th\u1ed1ng c\u00f3 th\u1ec3 r\u1ea5t b\u1ea5t c\u00f4ng v\u00e0 kh\u00f4ng ph\u00f9 h\u1ee3p v\u1edbi nhu c\u1ea7u v\u00e0 ho\u00e0n c\u1ea3nh ri\u00eang c\u1ee7a m\u1ecdi ng\u01b0\u1eddi, \u0111\u1eb7c bi\u1ec7t l\u00e0 khi m\u1ecdi ng\u01b0\u1eddi \u0111ang s\u1ed1ng trong c\u1ea3nh ngh\u00e8o \u0111\u00f3i.\u00a0<\/span><\/p><p>\u00a0<\/p><p><span style=\"font-weight: 400;\">D\u1ecbch v\u1ee5 h\u1ed7 tr\u1ee3 s\u1ee9c kh\u1ecfe t\u00e2m th\u1ea7n v\u00e0 l\u1ea1m d\u1ee5ng ch\u1ea5t g\u00e2y nghi\u1ec7n c\u1ee7a CDDC cung c\u1ea5p d\u1ecbch v\u1ee5 ch\u0103m s\u00f3c \u00edt r\u00e0o c\u1ea3n, ch\u00fa tr\u1ecdng \u0111\u1ebfn ch\u1ea5n th\u01b0\u01a1ng v\u00e0 c\u00f3 tay ngh\u1ec1 cao \u0111\u1ec3 gi\u1ea3i quy\u1ebft nh\u1eefng th\u00e1ch th\u1ee9c trong cu\u1ed9c s\u1ed1ng c\u00f3 th\u1ec3 \u1ea3nh h\u01b0\u1edfng \u0111\u1ebfn s\u1ef1 an to\u00e0n, h\u1ea1nh ph\u00fac v\u00e0 kh\u1ea3 n\u0103ng ph\u00e1t tri\u1ec3n c\u1ee7a b\u1ea1n.\u00a0<\/span><\/p><p>\u00a0<\/p><p><b>\u0110\u1ec3 t\u00ecm hi\u1ec3u th\u00eam ho\u1eb7c ti\u1ebfp c\u1eadn c\u00e1c d\u1ecbch v\u1ee5 t\u01b0 v\u1ea5n, h\u00e3y g\u1ecdi (458) 233-5327 ho\u1eb7c gh\u00e9 qua v\u00e0 h\u1ecfi nh\u00e2n vi\u00ean c\u1ee7a ch\u00fang t\u00f4i c\u00e1ch k\u1ebft n\u1ed1i.\u00a0<\/b><\/p><p>\u00a0<\/p><p><b>C\u00e1c cu\u1ed9c tr\u00f2 chuy\u1ec7n t\u01b0 v\u1ea5n tr\u1ef1c ti\u1ebfp c\u0169ng \u0111\u01b0\u1ee3c ch\u00e0o \u0111\u00f3n!<\/b><\/p>\t\t\t\t\t\t\t\t<\/div>\n\t\t\t\t<\/div>\n\t\t\t\t\t<\/div>\n\t\t<\/div>\n\t\t\t\t\t<\/div>\n\t\t<\/section>\n\t\t\t\t<\/div>","protected":false},"excerpt":{"rendered":"<p>D\u1ecbch v\u1ee5 h\u1ed7 tr\u1ee3 \u0111\u1ed3ng \u0111\u1eb3ng v\u00e0 t\u01b0 v\u1ea5n M\u1ed9t trong nh\u1eefng m\u1ee5c ti\u00eau c\u1ee7a CDDC l\u00e0 gi\u00fap c\u1ea3i thi\u1ec7n s\u1ee9c kh\u1ecfe t\u00e2m th\u1ea7n cho kh\u00e1ch h\u00e0ng c\u1ee7a ch\u00fang t\u00f4i b\u1eb1ng s\u1ef1 h\u1ed7 tr\u1ee3 to\u00e0n di\u1ec7n. C\u00e1c m\u00f4 h\u00ecnh t\u01b0 v\u1ea5n truy\u1ec1n th\u1ed1ng c\u00f3 th\u1ec3 r\u1ea5t b\u1ea5t b\u00ecnh \u0111\u1eb3ng v\u00e0 kh\u00f4ng ph\u00f9 h\u1ee3p v\u1edbi nhu c\u1ea7u v\u00e0 ho\u00e0n c\u1ea3nh ri\u00eang c\u1ee7a m\u1ed7i ng\u01b0\u1eddi, \u0111\u1eb7c bi\u1ec7t l\u00e0 khi h\u1ecd \u0111ang tr\u1ea3i qua c\u1ea3nh ngh\u00e8o kh\u00f3. D\u1ecbch v\u1ee5 h\u1ed7 tr\u1ee3 s\u1ee9c kh\u1ecfe t\u00e2m th\u1ea7n v\u00e0 cai nghi\u1ec7n c\u1ee7a CDDC cung c\u1ea5p d\u1ecbch v\u1ee5 d\u1ec5 ti\u1ebfp c\u1eadn, d\u1ef1a tr\u00ean hi\u1ec3u bi\u1ebft v\u1ec1 ch\u1ea5n th\u01b0\u01a1ng t\u00e2m l\u00fd v\u00e0 \u0111\u01b0\u1ee3c th\u1ef1c hi\u1ec7n b\u1edfi c\u00e1c chuy\u00ean gia c\u00f3 tay ngh\u1ec1 cao.<a class=\"more-link\" href=\"https:\/\/corvallisddc.org\/vi\/peersupport_counseling\/\">\u0110\u1ecdc ti\u1ebfp <span class=\"screen-reader-text\">\u201cD\u1ecbch v\u1ee5 h\u1ed7 tr\u1ee3 v\u00e0 t\u01b0 v\u1ea5n \u0111\u1ed3ng \u0111\u1eb3ng\u201d<\/span><\/a><\/p>","protected":false},"author":212331932,"featured_media":0,"parent":0,"menu_order":0,"comment_status":"closed","ping_status":"closed","template":"","meta":{"advanced_seo_description":"","jetpack_seo_html_title":"","jetpack_seo_noindex":false,"footnotes":""},"class_list":["post-3418","page","type-page","status-publish","hentry","entry"],"jetpack_likes_enabled":true,"jetpack_sharing_enabled":true,"jetpack_shortlink":"https:\/\/wp.me\/PdkkQs-T8","amp_enabled":true,"_links":{"self":[{"href":"https:\/\/corvallisddc.org\/vi\/wp-json\/wp\/v2\/pages\/3418","targetHints":{"allow":["GET"]}}],"collection":[{"href":"https:\/\/corvallisddc.org\/vi\/wp-json\/wp\/v2\/pages"}],"about":[{"href":"https:\/\/corvallisddc.org\/vi\/wp-json\/wp\/v2\/types\/page"}],"author":[{"embeddable":true,"href":"https:\/\/corvallisddc.org\/vi\/wp-json\/wp\/v2\/users\/212331932"}],"replies":[{"embeddable":true,"href":"https:\/\/corvallisddc.org\/vi\/wp-json\/wp\/v2\/comments?post=3418"}],"version-history":[{"count":12,"href":"https:\/\/corvallisddc.org\/vi\/wp-json\/wp\/v2\/pages\/3418\/revisions"}],"predecessor-version":[{"id":4068,"href":"https:\/\/corvallisddc.org\/vi\/wp-json\/wp\/v2\/pages\/3418\/revisions\/4068"}],"wp:attachment":[{"href":"https:\/\/corvallisddc.org\/vi\/wp-json\/wp\/v2\/media?parent=3418"}],"curies":[{"name":"wp","href":"https:\/\/api.w.org\/{rel}","templated":true}]}}