{"id":4377,"date":"2025-02-24T15:48:57","date_gmt":"2025-02-24T23:48:57","guid":{"rendered":"https:\/\/corvallisddc.org\/?page_id=4377"},"modified":"2025-03-08T16:01:10","modified_gmt":"2025-03-09T00:01:10","slug":"frontdoorservicesdisc","status":"publish","type":"page","link":"https:\/\/corvallisddc.org\/vi\/frontdoorservicesdisc\/","title":{"rendered":"Th\u1ea3o lu\u1eadn v\u1ec1 d\u1ecbch v\u1ee5 c\u1eeda tr\u01b0\u1edbc n\u0103m 2024"},"content":{"rendered":"<div data-elementor-type=\"wp-page\" data-elementor-id=\"4377\" class=\"elementor elementor-4377\">\n\t\t\t\t\t\t<section class=\"elementor-section elementor-top-section elementor-element elementor-element-eb03c23 elementor-section-boxed elementor-section-height-default elementor-section-height-default\" data-id=\"eb03c23\" data-element_type=\"section\" data-e-type=\"section\">\n\t\t\t\t\t\t<div class=\"elementor-container elementor-column-gap-default\">\n\t\t\t\t\t<div class=\"elementor-column elementor-col-100 elementor-top-column elementor-element elementor-element-a638034\" data-id=\"a638034\" data-element_type=\"column\" data-e-type=\"column\">\n\t\t\t<div class=\"elementor-widget-wrap elementor-element-populated\">\n\t\t\t\t\t\t<div class=\"elementor-element elementor-element-ddc414f elementor-widget elementor-widget-text-editor\" data-id=\"ddc414f\" data-element_type=\"widget\" data-e-type=\"widget\" data-widget_type=\"text-editor.default\">\n\t\t\t\t<div class=\"elementor-widget-container\">\n\t\t\t\t\t\t\t\t\t<h2><b>D\u1ecbch v\u1ee5 C\u1eeda tr\u01b0\u1edbc Qu\u1eadn Benton \u2013 Th\u1ea3o lu\u1eadn nh\u00f3m H\u1ecfi &amp; \u0110\u00e1p<\/b><\/h2><p><span style=\"font-weight: 400;\">Ng\u00e0y ghi \u00e2m: 18 th\u00e1ng 12 n\u0103m 2024<\/span><\/p><p><span style=\"font-weight: 400;\">M\u00f4 t\u1ea3 video: Video n\u00e0y l\u00e0 b\u1ea3n ghi l\u1ea1i cu\u1ed9c th\u1ea3o lu\u1eadn h\u1ecfi \u0111\u00e1p tr\u1ef1c tuy\u1ebfn, n\u00eau b\u1eadt ba t\u1ed5 ch\u1ee9c \u0111\u1ecba ph\u01b0\u01a1ng cung c\u1ea5p d\u1ecbch v\u1ee5 v\u00e0 h\u1ed7 tr\u1ee3 nhu c\u1ea7u c\u01a1 b\u1ea3n, \u00edt r\u00e0o c\u1ea3n t\u1ea1i khu v\u1ef1c Corvallis.<\/span><\/p><p><span style=\"font-weight: 400;\">Gi\u00e1m \u0111\u1ed1c \u0111i\u1ec1u h\u00e0nh, Allison Hobgood v\u1edbi <a href=\"https:\/\/corvallisddc.org\/vi\/\">Trung t\u00e2m \u0111\u01b0a kh\u00e1ch v\u00e0o ban ng\u00e0y Corvallis<\/a>; Ilene McClelland v\u1edbi <a href=\"http:\/\/vinamoses.org\/\">Trung t\u00e2m Vina Moses<\/a>; v\u00e0 Shawn Collins v\u1edbi <a href=\"http:\/\/unityshelter.org\/\">M\u00e1i \u1ea5m Th\u1ed1ng nh\u1ea5t<\/a> chia s\u1ebb th\u00f4ng tin quan tr\u1ecdng v\u1ec1 c\u00e1c d\u1ecbch v\u1ee5 v\u00e0 ch\u01b0\u01a1ng tr\u00ecnh h\u1ecd cung c\u1ea5p, c\u00e1ch c\u1ed9ng \u0111\u1ed3ng v\u00e0 ch\u00ednh quy\u1ec1n \u0111\u1ecba ph\u01b0\u01a1ng c\u00f3 th\u1ec3 h\u1ed7 tr\u1ee3 nh\u1eefng n\u1ed7 l\u1ef1c n\u00e0y v\u00e0 hi\u1ec3u bi\u1ebft s\u00e2u s\u1eafc v\u1ec1 nh\u1eefng ng\u01b0\u1eddi h\u00e0ng x\u00f3m \u0111ang ph\u1ea3i tr\u1ea3i qua c\u1ea3nh ngh\u00e8o \u0111\u00f3i v\u00e0 v\u00f4 gia c\u01b0.<\/span><\/p>\t\t\t\t\t\t\t\t<\/div>\n\t\t\t\t<\/div>\n\t\t\t\t<div class=\"elementor-element elementor-element-f5f4fe5 elementor-widget elementor-widget-spacer\" data-id=\"f5f4fe5\" data-element_type=\"widget\" data-e-type=\"widget\" data-widget_type=\"spacer.default\">\n\t\t\t\t<div class=\"elementor-widget-container\">\n\t\t\t\t\t\t\t<div class=\"elementor-spacer\">\n\t\t\t<div class=\"elementor-spacer-inner\"><\/div>\n\t\t<\/div>\n\t\t\t\t\t\t<\/div>\n\t\t\t\t<\/div>\n\t\t\t\t<div class=\"elementor-element elementor-element-db2aab8 elementor-widget__width-initial elementor-widget elementor-widget-shortcode\" data-id=\"db2aab8\" data-element_type=\"widget\" data-e-type=\"widget\" data-widget_type=\"shortcode.default\">\n\t\t\t\t<div class=\"elementor-widget-container\">\n\t\t\t\t\t\t\t<div class=\"elementor-shortcode\"><iframe width=\"560\" height=\"315\" src=\"https:\/\/www.youtube.com\/embed\/ZNnJcY7-u2A?si=geJSMG5vJlYf6ibq\" title=\"Tr\u00ecnh ph\u00e1t video YouTube\" frameborder=\"0\" allow=\"accelerometer; autoplay; clipboard-write; encrypted-media; gyroscope; picture-in-picture; web-share\" referrerpolicy=\"strict-origin-when-cross-origin\" allowfullscreen><\/iframe><\/div>\n\t\t\t\t\t\t<\/div>\n\t\t\t\t<\/div>\n\t\t\t\t\t<\/div>\n\t\t<\/div>\n\t\t\t\t\t<\/div>\n\t\t<\/section>\n\t\t\t\t<\/div>","protected":false},"excerpt":{"rendered":"<p>D\u1ecbch v\u1ee5 C\u1eeda Tr\u01b0\u1edbc Qu\u1eadn Benton \u2013 Bu\u1ed5i th\u1ea3o lu\u1eadn H\u1ecfi &amp; \u0110\u00e1p Ghi h\u00ecnh: Ng\u00e0y 18 th\u00e1ng 12 n\u0103m 2024 M\u00f4 t\u1ea3 video: Video n\u00e0y l\u00e0 b\u1ea3n ghi l\u1ea1i bu\u1ed5i th\u1ea3o lu\u1eadn H\u1ecfi &amp; \u0110\u00e1p tr\u1ef1c tuy\u1ebfn, n\u00eau b\u1eadt ba t\u1ed5 ch\u1ee9c \u0111\u1ecba ph\u01b0\u01a1ng cung c\u1ea5p c\u00e1c d\u1ecbch v\u1ee5 v\u00e0 h\u1ed7 tr\u1ee3 nhu c\u1ea7u c\u01a1 b\u1ea3n, \u00edt r\u00e0o c\u1ea3n t\u1ea1i khu v\u1ef1c Corvallis. Gi\u00e1m \u0111\u1ed1c \u0111i\u1ec1u h\u00e0nh, Allison Hobgood v\u1edbi ch\u01b0\u01a1ng tr\u00ecnh &quot;Corvallis Daytime Drop-in&quot;<a class=\"more-link\" href=\"https:\/\/corvallisddc.org\/vi\/frontdoorservicesdisc\/\">\u0110\u1ecdc ti\u1ebfp <span class=\"screen-reader-text\">\u201cTh\u1ea3o lu\u1eadn v\u1ec1 d\u1ecbch v\u1ee5 c\u1eeda tr\u01b0\u1edbc n\u0103m 2024\u201d<\/span><\/a><\/p>","protected":false},"author":212331932,"featured_media":0,"parent":0,"menu_order":0,"comment_status":"closed","ping_status":"closed","template":"","meta":{"advanced_seo_description":"","jetpack_seo_html_title":"","jetpack_seo_noindex":false,"footnotes":""},"class_list":["post-4377","page","type-page","status-publish","hentry","entry"],"jetpack_likes_enabled":true,"jetpack_sharing_enabled":true,"jetpack_shortlink":"https:\/\/wp.me\/PdkkQs-18B","amp_enabled":true,"_links":{"self":[{"href":"https:\/\/corvallisddc.org\/vi\/wp-json\/wp\/v2\/pages\/4377","targetHints":{"allow":["GET"]}}],"collection":[{"href":"https:\/\/corvallisddc.org\/vi\/wp-json\/wp\/v2\/pages"}],"about":[{"href":"https:\/\/corvallisddc.org\/vi\/wp-json\/wp\/v2\/types\/page"}],"author":[{"embeddable":true,"href":"https:\/\/corvallisddc.org\/vi\/wp-json\/wp\/v2\/users\/212331932"}],"replies":[{"embeddable":true,"href":"https:\/\/corvallisddc.org\/vi\/wp-json\/wp\/v2\/comments?post=4377"}],"version-history":[{"count":28,"href":"https:\/\/corvallisddc.org\/vi\/wp-json\/wp\/v2\/pages\/4377\/revisions"}],"predecessor-version":[{"id":4486,"href":"https:\/\/corvallisddc.org\/vi\/wp-json\/wp\/v2\/pages\/4377\/revisions\/4486"}],"wp:attachment":[{"href":"https:\/\/corvallisddc.org\/vi\/wp-json\/wp\/v2\/media?parent=4377"}],"curies":[{"name":"wp","href":"https:\/\/api.w.org\/{rel}","templated":true}]}}