{"id":560,"date":"2022-03-24T15:56:17","date_gmt":"2022-03-24T22:56:17","guid":{"rendered":"https:\/\/corvallisddc.org\/?page_id=560"},"modified":"2025-03-08T15:49:47","modified_gmt":"2025-03-08T23:49:47","slug":"news-events","status":"publish","type":"page","link":"https:\/\/corvallisddc.org\/vi\/news-events\/","title":{"rendered":"Tin t\u1ee9c v\u00e0 s\u1ef1 ki\u1ec7n"},"content":{"rendered":"<div data-elementor-type=\"wp-page\" data-elementor-id=\"560\" class=\"elementor elementor-560\">\n\t\t\t\t\t\t<section class=\"elementor-section elementor-top-section elementor-element elementor-element-52f7238 elementor-section-boxed elementor-section-height-default elementor-section-height-default\" data-id=\"52f7238\" data-element_type=\"section\" data-e-type=\"section\">\n\t\t\t\t\t\t<div class=\"elementor-container elementor-column-gap-default\">\n\t\t\t\t\t<div class=\"elementor-column elementor-col-100 elementor-top-column elementor-element elementor-element-18c1e4f\" data-id=\"18c1e4f\" data-element_type=\"column\" data-e-type=\"column\">\n\t\t\t<div class=\"elementor-widget-wrap elementor-element-populated\">\n\t\t\t\t\t\t<div class=\"elementor-element elementor-element-4c4d59a elementor-widget elementor-widget-text-editor\" data-id=\"4c4d59a\" data-element_type=\"widget\" data-e-type=\"widget\" data-widget_type=\"text-editor.default\">\n\t\t\t\t<div class=\"elementor-widget-container\">\n\t\t\t\t\t\t\t\t\t<h3 style=\"text-align: center;\"><b>S\u1ef1 ki\u1ec7n \u0111\u1ecbnh k\u1ef3 h\u00e0ng tu\u1ea7n<\/b><\/h3><h2>\u00a0<\/h2><p style=\"text-align: center;\"><span style=\"color: #339966;\"><b>S\u1ee9c kh\u1ecfe t\u00e2m th\u1ea7n Th\u1ee9 Hai t\u1eeb 9 gi\u1edd s\u00e1ng \u0111\u1ebfn 12 gi\u1edd tr\u01b0a<\/b><\/span><\/p><p style=\"text-align: center;\"><span style=\"color: #339966;\"><b>C\u1eaft t\u00f3c v\u00e0o th\u1ee9 Hai t\u1eeb 9 gi\u1edd s\u00e1ng \u0111\u1ebfn 12 gi\u1edd tr\u01b0a<\/b><\/span><\/p><p style=\"text-align: center;\"><span style=\"color: #339966;\"><b>Th\u1ee9 Ba ngh\u1ec7 thu\u1eadt t\u1eeb 1 gi\u1edd chi\u1ec1u \u2013 3 gi\u1edd chi\u1ec1u<\/b><\/span><\/p><p style=\"text-align: center;\"><span style=\"color: #339966;\"><b>Phim l\u00fac 12 gi\u1edd t\u1ed1i Th\u1ee9 Ba t\u1ea1i Nh\u00e0 h\u00e1t Whiteside<\/b><\/span><\/p><p style=\"text-align: center;\"><span style=\"font-weight: 400;\">***H\u00e3y theo d\u00f5i bu\u1ed5i ti\u00eam v\u1eafc-xin c\u00fam v\u00e0 COVID-19 ti\u1ebfp theo c\u1ee7a ch\u00fang t\u00f4i h\u1ee3p t\u00e1c v\u1edbi S\u1edf Y t\u1ebf Qu\u1eadn Benton***<\/span><\/p><p><span style=\"font-weight: 400;\">\u00a0<\/span><\/p><p><span style=\"font-weight: 400;\">\u00a0<\/span><\/p><h3 style=\"text-align: center;\"><b>Tin t\u1ee9c\u00a0<\/b><b>v\u1ec1 CDDC<\/b><\/h3><p>\u00a0<\/p><p style=\"text-align: center;\"><em>Corvallis Gazette-Times<\/em>:<\/p><p style=\"text-align: center;\"><a href=\"https:\/\/gazettetimes.com\/search\/\">B\u1ea4M V\u00c0O \u0110\u00c2Y<\/a> \u0111\u1ec3 bi\u1ebft c\u00e1c b\u00e0i vi\u1ebft li\u00ean quan \u0111\u1ebfn CDDC, t\u00ecnh tr\u1ea1ng v\u00f4 gia c\u01b0.<\/p><p>\u00a0<\/p><p style=\"text-align: center;\"><em>Lu\u1eadt s\u01b0 Corvallis:<\/em><\/p><p style=\"text-align: center;\"><a href=\"http:\/\/Book Bin Displays Art, Stories of People Displaced by Sweeps\" data-wplink-url-error=\"true\">Th\u00f9ng s\u00e1ch tr\u01b0ng b\u00e0y ngh\u1ec7 thu\u1eadt, c\u00e2u chuy\u1ec7n c\u1ee7a nh\u1eefng ng\u01b0\u1eddi b\u1ecb di d\u1eddi do qu\u00e9t r\u00e1c<\/a><\/p><p style=\"text-align: center;\">Ng\u00e0y 27 th\u00e1ng 11 n\u0103m 2021<b><br \/><\/b><\/p><p><span style=\"font-weight: 400;\">\u00a0<\/span><span style=\"font-weight: 400;\">\u00a0<\/span><\/p><p><span style=\"font-weight: 400;\">\u00a0<\/span><\/p><h3 style=\"text-align: center;\"><b>Ph\u01b0\u01a1ng ti\u1ec7n truy\u1ec1n th\u00f4ng<\/b><\/h3><p style=\"text-align: center;\">(NH\u1ea4P V\u00c0O ti\u00eau \u0111\u1ec1 ph\u01b0\u01a1ng ti\u1ec7n \u0111\u1ec3 truy c\u1eadp b\u00e0i vi\u1ebft.)<\/p><h4><span style=\"text-decoration: underline; color: #000000;\"><a style=\"color: #000000;\" href=\"https:\/\/apeaceofmymind.org\/\"><em><b>M\u1ed9t s\u1ef1 b\u00ecnh y\u00ean cho t\u00e2m tr\u00ed t\u00f4i<\/b><\/em><\/a><\/span><\/h4><p>\u00a0<\/p><p><strong><a href=\"https:\/\/apeaceofmymind.org\/2023\/10\/26\/belonging-2\/\">THU\u1ed8C V\u1ec0 TH\u00c1NG 10 N\u0102M 2023<\/a><\/strong><\/p><p>\u00a0<\/p><p><strong><a href=\"https:\/\/apeaceofmymind.org\/2021\/07\/24\/listen-2\/\">NGHE-2 TH\u00c1NG 7 N\u0102M 2021<\/a><\/strong><\/p><p>\u00a0<\/p><p><span style=\"font-weight: 400;\">CDDC r\u1ea5t vinh d\u1ef1 \u0111\u01b0\u1ee3c \u0111\u00f3n ti\u1ebfp nhi\u1ebfp \u1ea3nh gia t\u1eebng \u0111o\u1ea1t gi\u1ea3i th\u01b0\u1edfng, John Noltner. HAI L\u1ea6N! D\u1ef1 \u00e1n c\u1ee7a \u00f4ng, \u201cA Peace of My Mind,\u201d l\u00e0 m\u1ed9t s\u00e1ng ki\u1ebfn ngh\u1ec7 thu\u1eadt \u0111a ph\u01b0\u01a1ng ti\u1ec7n s\u1eed d\u1ee5ng ch\u00e2n dung v\u00e0 c\u00e2u chuy\u1ec7n c\u00e1 nh\u00e2n \u0111\u1ec3 thu h\u1eb9p kho\u1ea3ng c\u00e1ch v\u00e0 khuy\u1ebfn kh\u00edch \u0111\u1ed1i tho\u1ea1i xung quanh c\u00e1c v\u1ea5n \u0111\u1ec1 quan tr\u1ecdng. Th\u00f4ng qua c\u00e1c cu\u1ed9c tri\u1ec3n l\u00e3m, h\u1ed9i th\u1ea3o, b\u00e0i gi\u1ea3ng, studio t\u1ea1i ch\u1ed7 v\u00e0 h\u1ecdc t\u1eadp t\u1eeb xa, \u201cA Peace of My Mind\u201d d\u1eabn d\u1eaft nh\u1eefng tr\u1ea3i nghi\u1ec7m mang t\u00ednh chuy\u1ec3n \u0111\u1ed5i gi\u00fap th\u1ebf gi\u1edbi ph\u00e2n c\u1ef1c kh\u00e1m ph\u00e1 l\u1ea1i b\u1ea3n ch\u1ea5t chung c\u1ee7a con ng\u01b0\u1eddi k\u1ebft n\u1ed1i t\u1ea5t c\u1ea3 ch\u00fang ta.<\/span><\/p><p>\u00a0<\/p><p><strong>NH\u1ea4P V\u00c0O<\/strong> tr\u00ean c\u00e1c ti\u00eau \u0111\u1ec1 <span style=\"font-family: var(--font-base, 'Rubik', Trebuchet MS, Lucida Grande, Lucida Sans Unicode, Lucida Sans, Tahoma, sans-serif);\">b\u00ean tr\u00ean<\/span><span style=\"font-size: 1em; font-family: var(--font-base, 'Rubik', Trebuchet MS, Lucida Grande, Lucida Sans Unicode, Lucida Sans, Tahoma, sans-serif);\">, \u201cBELONGING\u201d v\u00e0 \u201cLISTEN-2\u201d \u0111\u1ec3 xem c\u00e1c d\u1ef1 \u00e1n Corvallis!<\/span><\/p><p>\u00a0<\/p><h4><span style=\"text-decoration: underline;\"><span style=\"color: #000000;\"><em><strong><a style=\"color: #000000; text-decoration: underline;\" href=\"https:\/\/videopress.com\/v\/HjlyndYM?resizeToParent=true&amp;cover=true&amp;preloadContent=metadata&amp;useAverageColor=true\">T\u1ea7m quan tr\u1ecdng c\u1ee7a vi\u1ec7c \u0111o\u00e0n k\u1ebft, 2019<\/a><\/strong><\/em><\/span><\/span><\/h4><p><span style=\"font-weight: 400;\">\u00a0<\/span><\/p><h4><span style=\"text-decoration: underline; color: #000000;\"><a style=\"color: #000000;\" href=\"https:\/\/corvallisddc.org\/vi\/local-folks-podcast\/\"><em><b>Chu\u1ed7i Podcast D\u00e2n gian \u0110\u1ecba ph\u01b0\u01a1ng, <\/b><b>2019<\/b><\/em><\/a><\/span><\/h4><p>\u00a0<\/p><p><span style=\"font-weight: 400;\">Nh\u1eefng ng\u01b0\u1eddi v\u00f4 gia c\u01b0 c\u00f3 th\u1ec3 \u0111i \u0111\u00e2u khi h\u1ecd c\u1ea7n m\u1ed9t \u0111\u00f4i t\u1ea5t kh\u00f4 ho\u1eb7c m\u1ed9t \u0111\u00f4i gi\u00e0y, m\u1ed9t \u0111o\u1ea1n d\u00e2y th\u1eebng \u0111\u1ec3 bu\u1ed9c m\u1ed9t th\u1ee9 g\u00ec \u0111\u00f3 l\u1ea1i v\u1edbi nhau, m\u1ed9t c\u00f4ng c\u1ee5 \u0111\u1ec3 s\u1eeda xe \u0111\u1ea1p c\u1ee7a h\u1ecd, ho\u1eb7c gi\u00fap l\u1ea5y m\u1ed9t gi\u1ea5y t\u1edd t\u00f9y th\u00e2n m\u1edbi? Ph\u1ea7n ba c\u1ee7a Local Folks Podcast t\u1eadp trung v\u00e0o Trung t\u00e2m \u0110\u01b0a \u0111\u00f3n Ban ng\u00e0y Corvallis - m\u1ed9t t\u1ed5 ch\u1ee9c c\u00f3 s\u1ee9 m\u1ec7nh cung c\u1ea5p c\u00e1c d\u1ecbch v\u1ee5 c\u1ea7n thi\u1ebft cho nh\u1eefng ng\u01b0\u1eddi \u0111ang s\u1ed1ng trong c\u1ea3nh ngh\u00e8o \u0111\u00f3i v\u00e0 v\u00f4 gia c\u01b0.\u00a0<\/span><\/p><p>\u00a0<\/p><p><a href=\"https:\/\/corvallisddc.org\/vi\/local-folks-podcast\/\"><b>B\u1ea4M V\u00c0O \u0110\u00c2Y<\/b><span style=\"font-weight: 400;\"> \u0111\u1ec3 nghe t\u1ea5t c\u1ea3 7 t\u1eadp do Bob Madar t\u1ed5 ch\u1ee9c.<\/span><\/a><\/p><p><span style=\"font-weight: 400;\">\u00a0<\/span><\/p><p><span style=\"font-weight: 400;\">\u00a0<\/span><\/p><p><span style=\"font-weight: 400;\">\u00a0<\/span><\/p><h2><b>Tin t\u1ee9c v\u00e0 s\u1ef1 ki\u1ec7n \u0111\u00e3 l\u01b0u tr\u1eef<\/b><\/h2><p><a href=\"https:\/\/corvallisddc.org\/vi\/archives\/\"><span style=\"font-weight: 400;\">Xem c\u00e1c s\u1ef1 ki\u1ec7n v\u00e0 b\u00e0i \u0111\u0103ng \u0111\u00e3 l\u01b0u tr\u1eef tr\u01b0\u1edbc \u0111\u00e2y c\u1ee7a ch\u00fang t\u00f4i t\u1ea1i \u0111\u00e2y<\/span><\/a><\/p><p><span style=\"font-weight: 400;\">\u00a0<\/span><\/p>\t\t\t\t\t\t\t\t<\/div>\n\t\t\t\t<\/div>\n\t\t\t\t\t<\/div>\n\t\t<\/div>\n\t\t\t\t\t<\/div>\n\t\t<\/section>\n\t\t\t\t<\/div>","protected":false},"excerpt":{"rendered":"<p>C\u00e1c s\u1ef1 ki\u1ec7n \u0111\u1ecbnh k\u1ef3 h\u00e0ng tu\u1ea7n: Th\u1ee9 Hai v\u1ec1 S\u1ee9c kh\u1ecfe T\u00e2m th\u1ea7n t\u1eeb 9 gi\u1edd s\u00e1ng \u0111\u1ebfn 12 gi\u1edd tr\u01b0a; Th\u1ee9 Hai v\u1ec1 C\u1eaft t\u00f3c t\u1eeb 9 gi\u1edd s\u00e1ng \u0111\u1ebfn 12 gi\u1edd tr\u01b0a; Th\u1ee9 Ba v\u1ec1 Ngh\u1ec7 thu\u1eadt t\u1eeb 1 gi\u1edd chi\u1ec1u \u0111\u1ebfn 3 gi\u1edd chi\u1ec1u; Th\u1ee9 Ba v\u1ec1 Chi\u1ebfu phim l\u00fac 12 gi\u1edd tr\u01b0a t\u1ea1i R\u1ea1p Whiteside. ***H\u00e3y theo d\u00f5i \u0111\u1ec3 bi\u1ebft th\u00f4ng tin v\u1ec1 \u0111\u1ee3t ti\u00eam ph\u00f2ng c\u00fam v\u00e0 COVID-19 ti\u1ebfp theo c\u1ee7a ch\u00fang t\u00f4i, ph\u1ed1i h\u1ee3p v\u1edbi S\u1edf Y t\u1ebf Qu\u1eadn Benton*** \u00a0<a class=\"more-link\" href=\"https:\/\/corvallisddc.org\/vi\/news-events\/\">\u0110\u1ecdc ti\u1ebfp <span class=\"screen-reader-text\">&quot;Tin t\u1ee9c v\u00e0 s\u1ef1 ki\u1ec7n&quot;<\/span><\/a><\/p>","protected":false},"author":212331932,"featured_media":0,"parent":0,"menu_order":0,"comment_status":"closed","ping_status":"closed","template":"","meta":{"advanced_seo_description":"","jetpack_seo_html_title":"","jetpack_seo_noindex":false,"footnotes":""},"class_list":["post-560","page","type-page","status-publish","hentry","entry"],"jetpack_likes_enabled":true,"jetpack_sharing_enabled":true,"jetpack_shortlink":"https:\/\/wp.me\/PdkkQs-92","amp_enabled":true,"_links":{"self":[{"href":"https:\/\/corvallisddc.org\/vi\/wp-json\/wp\/v2\/pages\/560","targetHints":{"allow":["GET"]}}],"collection":[{"href":"https:\/\/corvallisddc.org\/vi\/wp-json\/wp\/v2\/pages"}],"about":[{"href":"https:\/\/corvallisddc.org\/vi\/wp-json\/wp\/v2\/types\/page"}],"author":[{"embeddable":true,"href":"https:\/\/corvallisddc.org\/vi\/wp-json\/wp\/v2\/users\/212331932"}],"replies":[{"embeddable":true,"href":"https:\/\/corvallisddc.org\/vi\/wp-json\/wp\/v2\/comments?post=560"}],"version-history":[{"count":100,"href":"https:\/\/corvallisddc.org\/vi\/wp-json\/wp\/v2\/pages\/560\/revisions"}],"predecessor-version":[{"id":4483,"href":"https:\/\/corvallisddc.org\/vi\/wp-json\/wp\/v2\/pages\/560\/revisions\/4483"}],"wp:attachment":[{"href":"https:\/\/corvallisddc.org\/vi\/wp-json\/wp\/v2\/media?parent=560"}],"curies":[{"name":"wp","href":"https:\/\/api.w.org\/{rel}","templated":true}]}}